{"id":6122,"date":"2019-11-20T10:07:25","date_gmt":"2019-11-20T10:07:25","guid":{"rendered":"http:\/\/consulting.stylemixthemes.com\/demo\/?page_id=6122"},"modified":"2026-03-12T09:49:53","modified_gmt":"2026-03-12T09:49:53","slug":"convenios","status":"publish","type":"page","link":"https:\/\/ferrandi.ar\/2021\/convenios\/","title":{"rendered":"Convenios"},"content":{"rendered":"\t\t<div data-elementor-type=\"wp-page\" data-elementor-id=\"6122\" class=\"elementor elementor-6122\">\n\t\t\t\t\t\t\t\t\t<section class=\"elementor-section elementor-top-section elementor-element elementor-element-27073e0 elementor-section-boxed elementor-section-height-default elementor-section-height-default\" data-id=\"27073e0\" data-element_type=\"section\">\n\t\t\t\t\t\t<div class=\"elementor-container elementor-column-gap-default\">\n\t\t\t\t\t<div class=\"elementor-column elementor-col-66 elementor-top-column elementor-element elementor-element-2707834\" data-id=\"2707834\" data-element_type=\"column\">\n\t\t\t<div class=\"elementor-widget-wrap elementor-element-populated\">\n\t\t\t\t\t\t\t\t<div class=\"elementor-element elementor-element-64c744a elementor-widget elementor-widget-heading\" data-id=\"64c744a\" data-element_type=\"widget\" data-widget_type=\"heading.default\">\n\t\t\t\t<div class=\"elementor-widget-container\">\n\t\t\t<h3 class=\"elementor-heading-title elementor-size-default\">Hacemos la diferencia<\/h3>\t\t<\/div>\n\t\t\t\t<\/div>\n\t\t\t\t<div class=\"elementor-element elementor-element-2707b99 elementor-widget elementor-widget-text-editor\" data-id=\"2707b99\" data-element_type=\"widget\" data-widget_type=\"text-editor.default\">\n\t\t\t\t<div class=\"elementor-widget-container\">\n\t\t\t\t\t\t\t<p>Nuestra experiencia en el rubro nos permite brindar un servicio personalizado, para que este proceso tan doloroso se desarrolle en un marco de absoluto respeto y reserva, sin demoras, minimizando los imponderables que puedan surgir en estas circunstancias.\u2063<\/p>\n<p>Brindarle un servicio eficiente para que su \u00fanica preocupaci\u00f3n sea estar con los suyos, es nuestro mayor compromiso. <\/p>\n<p>Si usted es afiliado a los siguientes sindicatos o muchos m\u00e1s, tiene la <strong>cobertura total del servicio de sepelio<\/strong>, sin preocuparse de nada m\u00e1s.<\/p>\n<blockquote>\n<p><strong>Cons\u00faltenos!<\/strong><\/p>\n<\/blockquote>\n\t\t\t\t\t\t<\/div>\n\t\t\t\t<\/div>\n\t\t\t\t\t<\/div>\n\t\t<\/div>\n\t\t\t\t<div class=\"elementor-column elementor-col-33 elementor-top-column elementor-element elementor-element-2707dc8\" data-id=\"2707dc8\" data-element_type=\"column\">\n\t\t\t<div class=\"elementor-widget-wrap elementor-element-populated\">\n\t\t\t\t\t\t\t\t<div class=\"elementor-element elementor-element-27081e5 elementor-widget elementor-widget-stm_spacing\" data-id=\"27081e5\" data-element_type=\"widget\" data-widget_type=\"stm_spacing.default\">\n\t\t\t\t<div class=\"elementor-widget-container\">\n\t\t\t<div class=\"stm-spacing\" id=\"stm-spacing-69f0d01186b3e\"><\/div>\n<script>\n    (function($){\n        \"use strict\";\n        var spacingID = 'stm-spacing-69f0d01186b3e',\n            lgSpacing = '0',\n            mdSpacing = '0',\n            smSpacing = '0',\n            xsSpacing = '30';\n\n        function stmSpacing() {\n            if ( window.matchMedia(\"(min-width: 1200px)\").matches && lgSpacing ) {\n                $( '#' + spacingID ).css ( \"height\", lgSpacing );\n            } else if ( window.matchMedia(\"(max-width: 1199px) and (min-width: 992px )\").matches && mdSpacing ) {\n                $( '#' + spacingID ).css ( \"height\", mdSpacing );\n            } else if ( window.matchMedia(\"(max-width: 991px) and (min-width: 768px )\").matches && smSpacing ) {\n                $( '#' + spacingID ).css ( \"height\", smSpacing );\n            } else if ( window.matchMedia(\"(max-width: 767px)\").matches && xsSpacing ) {\n                $( '#' + spacingID ).css ( \"height\", xsSpacing );\n            } else {\n                $( '#' + spacingID ).css ( \"height\", \"\" );\n            }\n        }\n\n        $(document).ready(function() {\n            stmSpacing();\n        });\n\n        $(window).resize(function() {\n            stmSpacing();\n        });\n\n    })(jQuery);\n<\/script>\t\t<\/div>\n\t\t\t\t<\/div>\n\t\t\t\t<div class=\"elementor-element elementor-element-27082c8 elementor-widget elementor-widget-image\" data-id=\"27082c8\" data-element_type=\"widget\" data-widget_type=\"image.default\">\n\t\t\t\t<div class=\"elementor-widget-container\">\n\t\t\t\t\t\t\t\t\t\t\t\t\t\t\t<img loading=\"lazy\" decoding=\"async\" width=\"1024\" height=\"683\" src=\"https:\/\/ferrandi.ar\/2021\/wp-content\/uploads\/2021\/07\/servicios_bg-1024x683.jpg\" class=\"attachment-large size-large\" alt=\"\" srcset=\"https:\/\/ferrandi.ar\/2021\/wp-content\/uploads\/2021\/07\/servicios_bg-1024x683.jpg 1024w, https:\/\/ferrandi.ar\/2021\/wp-content\/uploads\/2021\/07\/servicios_bg-300x200.jpg 300w, https:\/\/ferrandi.ar\/2021\/wp-content\/uploads\/2021\/07\/servicios_bg-768x512.jpg 768w, https:\/\/ferrandi.ar\/2021\/wp-content\/uploads\/2021\/07\/servicios_bg-1536x1024.jpg 1536w, https:\/\/ferrandi.ar\/2021\/wp-content\/uploads\/2021\/07\/servicios_bg-900x600.jpg 900w, https:\/\/ferrandi.ar\/2021\/wp-content\/uploads\/2021\/07\/servicios_bg.jpg 1920w\" sizes=\"auto, (max-width: 1024px) 100vw, 1024px\" \/>\t\t\t\t\t\t\t\t\t\t\t\t\t\t\t<\/div>\n\t\t\t\t<\/div>\n\t\t\t\t\t<\/div>\n\t\t<\/div>\n\t\t\t\t\t\t\t<\/div>\n\t\t<\/section>\n\t\t\t\t<section class=\"elementor-section elementor-top-section elementor-element elementor-element-270ab15 elementor-section-boxed elementor-section-height-default elementor-section-height-default\" data-id=\"270ab15\" data-element_type=\"section\">\n\t\t\t\t\t\t<div class=\"elementor-container elementor-column-gap-default\">\n\t\t\t\t\t<div class=\"elementor-column elementor-col-100 elementor-top-column elementor-element elementor-element-270af09\" data-id=\"270af09\" data-element_type=\"column\">\n\t\t\t<div class=\"elementor-widget-wrap elementor-element-populated\">\n\t\t\t\t\t\t\t\t<div class=\"elementor-element elementor-element-270b31d elementor-widget elementor-widget-vc_custom_heading\" data-id=\"270b31d\" data-element_type=\"widget\" data-widget_type=\"vc_custom_heading.default\">\n\t\t\t\t<div class=\"elementor-widget-container\">\n\t\t\t<div class=\" vc_custom_heading  consulting_heading_font  text_align_center\" ><h2 style=\"text-align: center;font-weight:700\" class=\"consulting-custom-title\">Si es afiliado a\n<\/h2><\/div>\t\t<\/div>\n\t\t\t\t<\/div>\n\t\t\t\t<div class=\"elementor-element elementor-element-270b4f1 elementor-widget elementor-widget-stm_spacing\" data-id=\"270b4f1\" data-element_type=\"widget\" data-widget_type=\"stm_spacing.default\">\n\t\t\t\t<div class=\"elementor-widget-container\">\n\t\t\t<div class=\"stm-spacing\" id=\"stm-spacing-69f0d011892e3\"><\/div>\n<script>\n    (function($){\n        \"use strict\";\n        var spacingID = 'stm-spacing-69f0d011892e3',\n            lgSpacing = '20',\n            mdSpacing = '15',\n            smSpacing = '10',\n            xsSpacing = '10';\n\n        function stmSpacing() {\n            if ( window.matchMedia(\"(min-width: 1200px)\").matches && lgSpacing ) {\n                $( '#' + spacingID ).css ( \"height\", lgSpacing );\n            } else if ( window.matchMedia(\"(max-width: 1199px) and (min-width: 992px )\").matches && mdSpacing ) {\n                $( '#' + spacingID ).css ( \"height\", mdSpacing );\n            } else if ( window.matchMedia(\"(max-width: 991px) and (min-width: 768px )\").matches && smSpacing ) {\n                $( '#' + spacingID ).css ( \"height\", smSpacing );\n            } else if ( window.matchMedia(\"(max-width: 767px)\").matches && xsSpacing ) {\n                $( '#' + spacingID ).css ( \"height\", xsSpacing );\n            } else {\n                $( '#' + spacingID ).css ( \"height\", \"\" );\n            }\n        }\n\n        $(document).ready(function() {\n            stmSpacing();\n        });\n\n        $(window).resize(function() {\n            stmSpacing();\n        });\n\n    })(jQuery);\n<\/script>\t\t<\/div>\n\t\t\t\t<\/div>\n\t\t\t\t<div class=\"elementor-element elementor-element-270ca54 elementor-widget elementor-widget-stm_spacing\" data-id=\"270ca54\" data-element_type=\"widget\" data-widget_type=\"stm_spacing.default\">\n\t\t\t\t<div class=\"elementor-widget-container\">\n\t\t\t<div class=\"stm-spacing\" id=\"stm-spacing-69f0d0118996b\"><\/div>\n<script>\n    (function($){\n        \"use strict\";\n        var spacingID = 'stm-spacing-69f0d0118996b',\n            lgSpacing = '40',\n            mdSpacing = '40',\n            smSpacing = '30',\n            xsSpacing = '30';\n\n        function stmSpacing() {\n            if ( window.matchMedia(\"(min-width: 1200px)\").matches && lgSpacing ) {\n                $( '#' + spacingID ).css ( \"height\", lgSpacing );\n            } else if ( window.matchMedia(\"(max-width: 1199px) and (min-width: 992px )\").matches && mdSpacing ) {\n                $( '#' + spacingID ).css ( \"height\", mdSpacing );\n            } else if ( window.matchMedia(\"(max-width: 991px) and (min-width: 768px )\").matches && smSpacing ) {\n                $( '#' + spacingID ).css ( \"height\", smSpacing );\n            } else if ( window.matchMedia(\"(max-width: 767px)\").matches && xsSpacing ) {\n                $( '#' + spacingID ).css ( \"height\", xsSpacing );\n            } else {\n                $( '#' + spacingID ).css ( \"height\", \"\" );\n            }\n        }\n\n        $(document).ready(function() {\n            stmSpacing();\n        });\n\n        $(window).resize(function() {\n            stmSpacing();\n        });\n\n    })(jQuery);\n<\/script>\t\t<\/div>\n\t\t\t\t<\/div>\n\t\t\t\t\t<\/div>\n\t\t<\/div>\n\t\t\t\t\t\t\t<\/div>\n\t\t<\/section>\n\t\t\t\t<section class=\"elementor-section elementor-top-section elementor-element elementor-element-d373538 elementor-section-boxed elementor-section-height-default elementor-section-height-default\" data-id=\"d373538\" data-element_type=\"section\">\n\t\t\t\t\t\t<div class=\"elementor-container elementor-column-gap-default\">\n\t\t\t\t\t<div class=\"elementor-column elementor-col-33 elementor-top-column elementor-element elementor-element-9515623\" data-id=\"9515623\" data-element_type=\"column\">\n\t\t\t<div class=\"elementor-widget-wrap elementor-element-populated\">\n\t\t\t\t\t\t\t\t<div class=\"elementor-element elementor-element-270bc89 elementor-widget elementor-widget-stm_icon_box\" data-id=\"270bc89\" data-element_type=\"widget\" data-widget_type=\"stm_icon_box.default\">\n\t\t\t\t<div class=\"elementor-widget-container\">\n\t\t\t\n\n\n            <div onClick=\"return true\" class=\"icon_box  elementor-consulting-icon-box style_1 icon_left clearfix\">\n                <div class=\"icon  font-color_secondary font-color_custom\" style=\"color:#EDEAEA;width:100px\">\n            <i style=\"font-size:35px;  background-color: #EDEAEA; width:80px;height:80px;\"\n               class=\"far fa-edit\"><\/i><\/div>\n        <div class=\"icon_text\">\n                    <h5 style=\"font-size:22px\" class=\"font-color_base\">Locales\n<\/h5>\n                <p>\u00b7 UNS<br \/>\u00b7 DOSEM<br \/>\u00b7 LUZ Y FUERZA<br \/>\u00b7 SINDICATO MUNICIPALES<br \/>\u00b7 SMATA<br \/>\u00b7 FEDERADA SALUD<br \/>\u00b7 ADEF<br \/>\u00b7 SICHOCA<br \/>entre otros.<\/p>\n    <\/div>\n            <\/div>\n    \n\t\t<\/div>\n\t\t\t\t<\/div>\n\t\t\t\t\t<\/div>\n\t\t<\/div>\n\t\t\t\t<div class=\"elementor-column elementor-col-66 elementor-top-column elementor-element elementor-element-ff2eb96\" data-id=\"ff2eb96\" data-element_type=\"column\">\n\t\t\t<div class=\"elementor-widget-wrap elementor-element-populated\">\n\t\t\t\t\t\t\t\t<div class=\"elementor-element elementor-element-270d4ca elementor-widget elementor-widget-stm_icon_box\" data-id=\"270d4ca\" data-element_type=\"widget\" data-widget_type=\"stm_icon_box.default\">\n\t\t\t\t<div class=\"elementor-widget-container\">\n\t\t\t\n\n\n            <div onClick=\"return true\" class=\"icon_box  elementor-consulting-icon-box style_1 icon_left clearfix\">\n                <div class=\"icon  font-color_secondary font-color_custom\" style=\"color:#F3F3F3;width:100px\">\n            <i style=\"font-size:35px;  background-color: #F3F3F3; width:80px;height:80px;\"\n               class=\"far fa-edit\"><\/i><\/div>\n        <div class=\"icon_text\">\n                    <h5 style=\"font-size:22px\" class=\"font-color_base\">Nacionales\n<\/h5>\n                <div class=\"tab\">\u00b7 DIBA<br \/>\u00b7 SOC. MILITAR<br \/>\u00b7 UOCRA<br \/>\u00b7 UOM<br \/>\u00b7 FATAGA<br \/>\u00b7 CIRSE<br \/>\u00b7 APM<br \/>\u00b7 SATIF<\/div>\n<div>\u00b7 LA FRATERNIDAD<br \/>\u00b7 UNION FERROVIARIA<br \/>\u00b7 Jubilados de VIALIDAD NACIONAL<br \/>\u00b7 LA BANCARIA<br \/>\u00b7 GASTRON\u00d3MICOS<br \/>\u00b7 FUVA<br \/>entre otros.<\/div>\n    <\/div>\n            <\/div>\n    \n\t\t<\/div>\n\t\t\t\t<\/div>\n\t\t\t\t\t<\/div>\n\t\t<\/div>\n\t\t\t\t\t\t\t<\/div>\n\t\t<\/section>\n\t\t\t\t<section class=\"elementor-section elementor-top-section elementor-element elementor-element-5aed025f overlay_1 fixed_bg elementor-section-boxed elementor-section-height-default elementor-section-height-default\" data-id=\"5aed025f\" data-element_type=\"section\" data-settings=\"{&quot;background_background&quot;:&quot;classic&quot;}\">\n\t\t\t\t\t\t\t<div class=\"elementor-background-overlay\"><\/div>\n\t\t\t\t\t\t\t<div class=\"elementor-container elementor-column-gap-default\">\n\t\t\t\t\t<div class=\"elementor-column elementor-col-33 elementor-top-column elementor-element elementor-element-4a74c45\" data-id=\"4a74c45\" data-element_type=\"column\">\n\t\t\t<div class=\"elementor-widget-wrap elementor-element-populated\">\n\t\t\t\t\t\t\t\t<div class=\"elementor-element elementor-element-3a26aa3b elementor-widget elementor-widget-vc_custom_heading\" data-id=\"3a26aa3b\" data-element_type=\"widget\" data-widget_type=\"vc_custom_heading.default\">\n\t\t\t\t<div class=\"elementor-widget-container\">\n\t\t\t<div class=\" vc_custom_heading  consulting_heading_font  text_align_left\" ><div style=\"font-size: 36px;color: #ffffff;text-align: left;line-height: 38px;font-weight:700\" class=\"consulting-custom-title\">Cotizador Online\n<\/div><\/div>\t\t<\/div>\n\t\t\t\t<\/div>\n\t\t\t\t<div class=\"elementor-element elementor-element-1b0ebb28 elementor-widget elementor-widget-text-editor\" data-id=\"1b0ebb28\" data-element_type=\"widget\" data-widget_type=\"text-editor.default\">\n\t\t\t\t<div class=\"elementor-widget-container\">\n\t\t\t\t\t\t\t<p><span style=\"color: #ffffff; font-size: 16px; line-height: 22px;\">Env\u00edenos su solicitud y un representante se comunicar\u00e1 con Ud. para brindarle mayor informaci\u00f3n acerca del seguro, sus costos y beneficios. Gracias!<br \/><\/span><\/p>\n\t\t\t\t\t\t<\/div>\n\t\t\t\t<\/div>\n\t\t\t\t\t<\/div>\n\t\t<\/div>\n\t\t\t\t<div class=\"elementor-column elementor-col-66 elementor-top-column elementor-element elementor-element-4a10c477\" data-id=\"4a10c477\" data-element_type=\"column\">\n\t\t\t<div class=\"elementor-widget-wrap elementor-element-populated\">\n\t\t\t\t\t\t\t\t<div class=\"elementor-element elementor-element-6a02cca6 elementor-widget elementor-widget-stm_contact_form_7\" data-id=\"6a02cca6\" data-element_type=\"widget\" data-widget_type=\"stm_contact_form_7.default\">\n\t\t\t\t<div class=\"elementor-widget-container\">\n\t\t\t\n<div class=\"wpcf7 no-js\" id=\"wpcf7-f1173-o1\" lang=\"en-US\" dir=\"ltr\" data-wpcf7-id=\"1173\">\n<div class=\"screen-reader-response\"><p role=\"status\" aria-live=\"polite\" aria-atomic=\"true\"><\/p> <ul><\/ul><\/div>\n<form action=\"\/2021\/wp-json\/wp\/v2\/pages\/6122#wpcf7-f1173-o1\" method=\"post\" class=\"wpcf7-form init\" aria-label=\"Contact form\" novalidate=\"novalidate\" data-status=\"init\">\n<fieldset class=\"hidden-fields-container\"><input type=\"hidden\" name=\"_wpcf7\" value=\"1173\" \/><input type=\"hidden\" name=\"_wpcf7_version\" value=\"6.1.5\" \/><input type=\"hidden\" name=\"_wpcf7_locale\" value=\"en_US\" \/><input type=\"hidden\" name=\"_wpcf7_unit_tag\" value=\"wpcf7-f1173-o1\" \/><input type=\"hidden\" name=\"_wpcf7_container_post\" value=\"0\" \/><input type=\"hidden\" name=\"_wpcf7_posted_data_hash\" value=\"\" \/>\n<\/fieldset>\n<div class=\"request_callback\">\n\t<div class=\"row\">\n\t\t<div class=\"col-lg-6 col-md-6 col-sm-6 col-xs-12\">\n\t\t\t<div class=\"input-group\">\n\t\t\t\t<p><span class=\"wpcf7-form-control-wrap\" data-name=\"text-name\"><input size=\"40\" maxlength=\"400\" class=\"wpcf7-form-control wpcf7-text wpcf7-validates-as-required\" aria-required=\"true\" aria-invalid=\"false\" placeholder=\"Nombre\/Apellido *\" value=\"\" type=\"text\" name=\"text-name\" \/><\/span>\n\t\t\t\t<\/p>\n\t\t\t<\/div>\n\t\t\t<div class=\"input-group\">\n\t\t\t\t<p><span class=\"wpcf7-form-control-wrap\" data-name=\"direccion\"><input size=\"40\" maxlength=\"400\" class=\"wpcf7-form-control wpcf7-text\" aria-invalid=\"false\" placeholder=\"Direcci\u00f3n *\" value=\"\" type=\"text\" name=\"direccion\" \/><\/span>\n\t\t\t\t<\/p>\n\t\t\t<\/div>\n\t\t\t<div class=\"input-group\">\n\t\t\t\t<p><span class=\"wpcf7-form-control-wrap\" data-name=\"telefono\"><input size=\"40\" maxlength=\"400\" class=\"wpcf7-form-control wpcf7-text\" aria-invalid=\"false\" placeholder=\"Tel\u00e9fono *\" value=\"\" type=\"text\" name=\"telefono\" \/><\/span>\n\t\t\t\t<\/p>\n\t\t\t<\/div>\n\t\t\t<div class=\"input-group\">\n\t\t\t\t<p><span class=\"wpcf7-form-control-wrap\" data-name=\"email\"><input size=\"40\" maxlength=\"400\" class=\"wpcf7-form-control wpcf7-email wpcf7-validates-as-required wpcf7-text wpcf7-validates-as-email\" aria-required=\"true\" aria-invalid=\"false\" placeholder=\"E-mail *\" value=\"\" type=\"email\" name=\"email\" \/><\/span>\n\t\t\t\t<\/p>\n\t\t\t<\/div>\n\t\t\t<div class=\"input-group\">\n\t\t\t\t<p><span class=\"wpcf7-form-control-wrap\" data-name=\"localidad\"><input size=\"40\" maxlength=\"400\" class=\"wpcf7-form-control wpcf7-text\" aria-invalid=\"false\" placeholder=\"Localidad *\" value=\"\" type=\"text\" name=\"localidad\" \/><\/span>\n\t\t\t\t<\/p>\n\t\t\t<\/div>\n\t\t<\/div>\n\t\t<div class=\"col-lg-6 col-md-6 col-sm-6 col-xs-12\">\n\t\t\t<div class=\"input-group\">\n\t\t\t\t<p><span class=\"wpcf7-form-control-wrap\" data-name=\"afiliados\"><input size=\"40\" maxlength=\"400\" class=\"wpcf7-form-control wpcf7-text\" aria-invalid=\"false\" placeholder=\"Cantidad de afiliados *\" value=\"\" type=\"text\" name=\"afiliados\" \/><\/span>\n\t\t\t\t<\/p>\n\t\t\t<\/div>\n\t\t\t<div class=\"input-group\">\n\t\t\t\t<p><span class=\"wpcf7-form-control-wrap\" data-name=\"edades\"><input size=\"40\" maxlength=\"400\" class=\"wpcf7-form-control wpcf7-text wpcf7-validates-as-required\" aria-required=\"true\" aria-invalid=\"false\" placeholder=\"Edades *\" value=\"\" type=\"text\" name=\"edades\" \/><\/span>\n\t\t\t\t<\/p>\n\t\t\t<\/div>\n\t\t\t<div class=\"input-group\">\n\t\t\t\t<p><span class=\"wpcf7-form-control-wrap\" data-name=\"message\"><textarea cols=\"40\" rows=\"10\" maxlength=\"2000\" class=\"wpcf7-form-control wpcf7-textarea wpcf7-validates-as-required\" aria-required=\"true\" aria-invalid=\"false\" placeholder=\"Su mensaje *\" name=\"message\"><\/textarea><\/span>\n\t\t\t\t<\/p>\n\t\t\t<\/div>\n\t\t\t<div class=\"input-group\">\n\t\t\t\t<p><button type=\"submit\" class=\"button size-lg icon_right\">Enviar cotizaci\u00f3n <i class=\"fa fa-chevron-right\"><\/i><\/button>\n\t\t\t\t<\/p>\n\t\t\t<\/div>\n\t\t<\/div>\n\t<\/div>\n<\/div><div class=\"wpcf7-response-output\" aria-hidden=\"true\"><\/div>\n<\/form>\n<\/div>\n\t\t<\/div>\n\t\t\t\t<\/div>\n\t\t\t\t\t<\/div>\n\t\t<\/div>\n\t\t\t\t\t\t\t<\/div>\n\t\t<\/section>\n\t\t\t\t\t\t\t<\/div>\n\t\t","protected":false},"excerpt":{"rendered":"Hacemos la diferencia Nuestra experiencia en el rubro nos permite brindar un servicio personalizado, para que este proceso tan doloroso se desarrolle en un marco de absoluto respeto y reserva, sin demoras, minimizando los imponderables que puedan surgir en estas circunstancias.\u2063 Brindarle un servicio eficiente para que su \u00fanica preocupaci\u00f3n sea estar con los suyos,","protected":false},"author":2,"featured_media":0,"parent":0,"menu_order":0,"comment_status":"closed","ping_status":"closed","template":"","meta":{"_joinchat":[],"footnotes":""},"class_list":["post-6122","page","type-page","status-publish","hentry"],"_links":{"self":[{"href":"https:\/\/ferrandi.ar\/2021\/wp-json\/wp\/v2\/pages\/6122","targetHints":{"allow":["GET"]}}],"collection":[{"href":"https:\/\/ferrandi.ar\/2021\/wp-json\/wp\/v2\/pages"}],"about":[{"href":"https:\/\/ferrandi.ar\/2021\/wp-json\/wp\/v2\/types\/page"}],"author":[{"embeddable":true,"href":"https:\/\/ferrandi.ar\/2021\/wp-json\/wp\/v2\/users\/2"}],"replies":[{"embeddable":true,"href":"https:\/\/ferrandi.ar\/2021\/wp-json\/wp\/v2\/comments?post=6122"}],"version-history":[{"count":47,"href":"https:\/\/ferrandi.ar\/2021\/wp-json\/wp\/v2\/pages\/6122\/revisions"}],"predecessor-version":[{"id":14118,"href":"https:\/\/ferrandi.ar\/2021\/wp-json\/wp\/v2\/pages\/6122\/revisions\/14118"}],"wp:attachment":[{"href":"https:\/\/ferrandi.ar\/2021\/wp-json\/wp\/v2\/media?parent=6122"}],"curies":[{"name":"wp","href":"https:\/\/api.w.org\/{rel}","templated":true}]}}