{"id":6352,"date":"2015-12-15T07:37:33","date_gmt":"2015-12-15T07:37:33","guid":{"rendered":"http:\/\/consulting.stylemixthemes.com\/demo\/?page_id=9"},"modified":"2026-02-17T13:11:51","modified_gmt":"2026-02-17T13:11:51","slug":"plan-honores","status":"publish","type":"page","link":"https:\/\/ferrandi.ar\/2021\/plan-honores\/","title":{"rendered":"Plan Honores"},"content":{"rendered":"\t\t<div data-elementor-type=\"wp-page\" data-elementor-id=\"6352\" class=\"elementor elementor-6352\">\n\t\t\t\t\t\t\t\t\t<section class=\"elementor-section elementor-top-section elementor-element elementor-element-e235908 elementor-section-boxed elementor-section-height-default elementor-section-height-default\" data-id=\"e235908\" data-element_type=\"section\" data-settings=\"{&quot;background_background&quot;:&quot;classic&quot;}\">\n\t\t\t\t\t\t<div class=\"elementor-container elementor-column-gap-default\">\n\t\t\t\t\t<div class=\"elementor-column elementor-col-100 elementor-top-column elementor-element elementor-element-e235e4c\" data-id=\"e235e4c\" data-element_type=\"column\">\n\t\t\t<div class=\"elementor-widget-wrap elementor-element-populated\">\n\t\t\t\t\t\t\t\t<div class=\"elementor-element elementor-element-e2363dc elementor-widget elementor-widget-text-editor\" data-id=\"e2363dc\" data-element_type=\"widget\" data-widget_type=\"text-editor.default\">\n\t\t\t\t<div class=\"elementor-widget-container\">\n\t\t\t\t\t\t\t<h3>Plan Honores<\/h3>\n<p>Responsabilizarnos de nuestra propia vulnerabilidad es sin\u00f3nimo de cuidar a nuestros seres queridos en momentos dif\u00edciles.<\/p>\n<p>Con una cuota m\u00ednima mensual, accede a la cobertura total de los costos del servicio de sepelio a futuro, adem\u00e1s de beneficios en el \u00e1rea m\u00e9dica y descuentos por grupo familiar.<\/p>\n\t\t\t\t\t\t<\/div>\n\t\t\t\t<\/div>\n\t\t\t\t<div class=\"elementor-element elementor-element-e236639 elementor-widget elementor-widget-text-editor\" data-id=\"e236639\" data-element_type=\"widget\" data-widget_type=\"text-editor.default\">\n\t\t\t\t<div class=\"elementor-widget-container\">\n\t\t\t\t\t\t\t<blockquote>\n<p>Nuestros seguros est\u00e1n pensados para usted.\u00a0 <br \/><strong>Tome la decisi\u00f3n de vivir en calma.<br \/><\/strong><\/p>\n<\/blockquote>\n\t\t\t\t\t\t<\/div>\n\t\t\t\t<\/div>\n\t\t\t\t<section class=\"elementor-section elementor-inner-section elementor-element elementor-element-acd0fa7 elementor-section-boxed elementor-section-height-default elementor-section-height-default\" data-id=\"acd0fa7\" data-element_type=\"section\">\n\t\t\t\t\t\t<div class=\"elementor-container elementor-column-gap-default\">\n\t\t\t\t\t<div class=\"elementor-column elementor-col-50 elementor-inner-column elementor-element elementor-element-a4dc68b\" data-id=\"a4dc68b\" data-element_type=\"column\">\n\t\t\t<div class=\"elementor-widget-wrap elementor-element-populated\">\n\t\t\t\t\t\t\t\t<div class=\"elementor-element elementor-element-e236f9c elementor-widget elementor-widget-vc_custom_heading\" data-id=\"e236f9c\" data-element_type=\"widget\" data-widget_type=\"vc_custom_heading.default\">\n\t\t\t\t<div class=\"elementor-widget-container\">\n\t\t\t<div class=\" vc_custom_heading no_stripe consulting_heading_font  text_align_left\" ><h4 style=\"color: #222222;text-align: left;font-weight:700\" class=\"consulting-custom-title\">Nuestro servicio comprende\n<\/h4><\/div>\t\t<\/div>\n\t\t\t\t<\/div>\n\t\t\t\t<div class=\"elementor-element elementor-element-e237278 elementor-widget elementor-widget-text-editor\" data-id=\"e237278\" data-element_type=\"widget\" data-widget_type=\"text-editor.default\">\n\t\t\t\t<div class=\"elementor-widget-container\">\n\t\t\t\t\t\t\t<ul>\n<li>Atenci\u00f3n personalizada<\/li>\n<li>Capilla ardiente<\/li>\n<li>Sala de star con privados<\/li>\n<li>Cocina con TV, con cable<\/li>\n<li>Calefacci\u00f3n y aire acondicionado<\/li>\n<li>WIFI<\/li>\n<li>Servicio de cafeter\u00eda<\/li>\n<li>Servicio de porter\u00eda<\/li>\n<li>Servicio de azafata en sala<\/li>\n<li>Ata\u00fad adaptado para nicho, tierra o cremaci\u00f3n<\/li>\n<li>Asistencia m\u00e9dica en nuestras instalaciones<\/li>\n<li>Servicio de calle compuesto por coche f\u00fanebre y flota de acompa\u00f1amiento<\/li>\n<li>Traslado de familiares una vez finalizado el cortejo<\/li>\n<li>Gesti\u00f3n de publicaci\u00f3n de aviso en radio y diario<\/li>\n<li>Tramitaci\u00f3n del certificado de defunci\u00f3n<\/li>\n<li>Servicio de contenci\u00f3n en duelo<\/li>\n<\/ul>\n\t\t\t\t\t\t<\/div>\n\t\t\t\t<\/div>\n\t\t\t\t\t<\/div>\n\t\t<\/div>\n\t\t\t\t<div class=\"elementor-column elementor-col-50 elementor-inner-column elementor-element elementor-element-b475173\" data-id=\"b475173\" data-element_type=\"column\">\n\t\t\t<div class=\"elementor-widget-wrap elementor-element-populated\">\n\t\t\t\t\t\t\t\t<div class=\"elementor-element elementor-element-8001e34 gallery-spacing-custom elementor-widget elementor-widget-image-gallery\" data-id=\"8001e34\" data-element_type=\"widget\" data-widget_type=\"image-gallery.default\">\n\t\t\t\t<div class=\"elementor-widget-container\">\n\t\t\t\t\t<div class=\"elementor-image-gallery\">\n\t\t\t<div id='gallery-1' class='gallery galleryid-6352 gallery-columns-1 gallery-size-large'><figure class='gallery-item'>\n\t\t\t<div class='gallery-icon landscape'>\n\t\t\t\t<a data-elementor-open-lightbox=\"yes\" data-elementor-lightbox-slideshow=\"8001e34\" data-elementor-lightbox-title=\"salaa-1\" e-action-hash=\"#elementor-action%3Aaction%3Dlightbox%26settings%3DeyJpZCI6NzM2NiwidXJsIjoiaHR0cHM6XC9cL2ZlcnJhbmRpLmFyXC8yMDIxXC93cC1jb250ZW50XC91cGxvYWRzXC8yMDIxXC8wN1wvc2FsYWEtMS5qcGciLCJzbGlkZXNob3ciOiI4MDAxZTM0In0%3D\" href='https:\/\/ferrandi.ar\/2021\/wp-content\/uploads\/2021\/07\/salaa-1.jpg'><img loading=\"lazy\" decoding=\"async\" width=\"1024\" height=\"533\" src=\"https:\/\/ferrandi.ar\/2021\/wp-content\/uploads\/2021\/07\/salaa-1-1024x533.jpg\" class=\"attachment-large size-large\" alt=\"\" srcset=\"https:\/\/ferrandi.ar\/2021\/wp-content\/uploads\/2021\/07\/salaa-1-1024x533.jpg 1024w, https:\/\/ferrandi.ar\/2021\/wp-content\/uploads\/2021\/07\/salaa-1-300x156.jpg 300w, https:\/\/ferrandi.ar\/2021\/wp-content\/uploads\/2021\/07\/salaa-1-768x400.jpg 768w, https:\/\/ferrandi.ar\/2021\/wp-content\/uploads\/2021\/07\/salaa-1-1536x800.jpg 1536w, https:\/\/ferrandi.ar\/2021\/wp-content\/uploads\/2021\/07\/salaa-1-900x469.jpg 900w, https:\/\/ferrandi.ar\/2021\/wp-content\/uploads\/2021\/07\/salaa-1.jpg 1920w\" sizes=\"auto, (max-width: 1024px) 100vw, 1024px\" \/><\/a>\n\t\t\t<\/div><\/figure><figure class='gallery-item'>\n\t\t\t<div class='gallery-icon landscape'>\n\t\t\t\t<a data-elementor-open-lightbox=\"yes\" data-elementor-lightbox-slideshow=\"8001e34\" data-elementor-lightbox-title=\"salaa-5\" e-action-hash=\"#elementor-action%3Aaction%3Dlightbox%26settings%3DeyJpZCI6NzM3MCwidXJsIjoiaHR0cHM6XC9cL2ZlcnJhbmRpLmFyXC8yMDIxXC93cC1jb250ZW50XC91cGxvYWRzXC8yMDIxXC8wN1wvc2FsYWEtNS5qcGciLCJzbGlkZXNob3ciOiI4MDAxZTM0In0%3D\" href='https:\/\/ferrandi.ar\/2021\/wp-content\/uploads\/2021\/07\/salaa-5.jpg'><img loading=\"lazy\" decoding=\"async\" width=\"1024\" height=\"533\" src=\"https:\/\/ferrandi.ar\/2021\/wp-content\/uploads\/2021\/07\/salaa-5-1024x533.jpg\" class=\"attachment-large size-large\" alt=\"\" srcset=\"https:\/\/ferrandi.ar\/2021\/wp-content\/uploads\/2021\/07\/salaa-5-1024x533.jpg 1024w, https:\/\/ferrandi.ar\/2021\/wp-content\/uploads\/2021\/07\/salaa-5-300x156.jpg 300w, https:\/\/ferrandi.ar\/2021\/wp-content\/uploads\/2021\/07\/salaa-5-768x400.jpg 768w, https:\/\/ferrandi.ar\/2021\/wp-content\/uploads\/2021\/07\/salaa-5-1536x800.jpg 1536w, https:\/\/ferrandi.ar\/2021\/wp-content\/uploads\/2021\/07\/salaa-5-900x469.jpg 900w, https:\/\/ferrandi.ar\/2021\/wp-content\/uploads\/2021\/07\/salaa-5.jpg 1920w\" sizes=\"auto, (max-width: 1024px) 100vw, 1024px\" \/><\/a>\n\t\t\t<\/div><\/figure><figure class='gallery-item'>\n\t\t\t<div class='gallery-icon landscape'>\n\t\t\t\t<a data-elementor-open-lightbox=\"yes\" data-elementor-lightbox-slideshow=\"8001e34\" data-elementor-lightbox-title=\"salab-1\" e-action-hash=\"#elementor-action%3Aaction%3Dlightbox%26settings%3DeyJpZCI6NzM1OCwidXJsIjoiaHR0cHM6XC9cL2ZlcnJhbmRpLmFyXC8yMDIxXC93cC1jb250ZW50XC91cGxvYWRzXC8yMDIxXC8wN1wvc2FsYWItMS5qcGciLCJzbGlkZXNob3ciOiI4MDAxZTM0In0%3D\" href='https:\/\/ferrandi.ar\/2021\/wp-content\/uploads\/2021\/07\/salab-1.jpg'><img loading=\"lazy\" decoding=\"async\" width=\"1024\" height=\"533\" src=\"https:\/\/ferrandi.ar\/2021\/wp-content\/uploads\/2021\/07\/salab-1-1024x533.jpg\" class=\"attachment-large size-large\" alt=\"\" srcset=\"https:\/\/ferrandi.ar\/2021\/wp-content\/uploads\/2021\/07\/salab-1-1024x533.jpg 1024w, https:\/\/ferrandi.ar\/2021\/wp-content\/uploads\/2021\/07\/salab-1-300x156.jpg 300w, https:\/\/ferrandi.ar\/2021\/wp-content\/uploads\/2021\/07\/salab-1-768x400.jpg 768w, https:\/\/ferrandi.ar\/2021\/wp-content\/uploads\/2021\/07\/salab-1-1536x800.jpg 1536w, https:\/\/ferrandi.ar\/2021\/wp-content\/uploads\/2021\/07\/salab-1-900x469.jpg 900w, https:\/\/ferrandi.ar\/2021\/wp-content\/uploads\/2021\/07\/salab-1.jpg 1920w\" sizes=\"auto, (max-width: 1024px) 100vw, 1024px\" \/><\/a>\n\t\t\t<\/div><\/figure>\n\t\t<\/div>\n\t\t<\/div>\n\t\t\t\t<\/div>\n\t\t\t\t<\/div>\n\t\t\t\t\t<\/div>\n\t\t<\/div>\n\t\t\t\t\t\t\t<\/div>\n\t\t<\/section>\n\t\t\t\t<div class=\"elementor-element elementor-element-6a17fba gallery-spacing-custom elementor-widget elementor-widget-image-gallery\" data-id=\"6a17fba\" data-element_type=\"widget\" data-widget_type=\"image-gallery.default\">\n\t\t\t\t<div class=\"elementor-widget-container\">\n\t\t\t\t\t<div class=\"elementor-image-gallery\">\n\t\t\t<div id='gallery-2' class='gallery galleryid-6352 gallery-columns-2 gallery-size-large'><figure class='gallery-item'>\n\t\t\t<div class='gallery-icon landscape'>\n\t\t\t\t<a data-elementor-open-lightbox=\"yes\" data-elementor-lightbox-slideshow=\"6a17fba\" data-elementor-lightbox-title=\"salab-7\" e-action-hash=\"#elementor-action%3Aaction%3Dlightbox%26settings%3DeyJpZCI6NzM1NywidXJsIjoiaHR0cHM6XC9cL2ZlcnJhbmRpLmFyXC8yMDIxXC93cC1jb250ZW50XC91cGxvYWRzXC8yMDIxXC8wN1wvc2FsYWItNy5qcGciLCJzbGlkZXNob3ciOiI2YTE3ZmJhIn0%3D\" href='https:\/\/ferrandi.ar\/2021\/wp-content\/uploads\/2021\/07\/salab-7.jpg'><img loading=\"lazy\" decoding=\"async\" width=\"1024\" height=\"533\" src=\"https:\/\/ferrandi.ar\/2021\/wp-content\/uploads\/2021\/07\/salab-7-1024x533.jpg\" class=\"attachment-large size-large\" alt=\"\" srcset=\"https:\/\/ferrandi.ar\/2021\/wp-content\/uploads\/2021\/07\/salab-7-1024x533.jpg 1024w, https:\/\/ferrandi.ar\/2021\/wp-content\/uploads\/2021\/07\/salab-7-300x156.jpg 300w, https:\/\/ferrandi.ar\/2021\/wp-content\/uploads\/2021\/07\/salab-7-768x400.jpg 768w, https:\/\/ferrandi.ar\/2021\/wp-content\/uploads\/2021\/07\/salab-7-1536x800.jpg 1536w, https:\/\/ferrandi.ar\/2021\/wp-content\/uploads\/2021\/07\/salab-7-900x469.jpg 900w, https:\/\/ferrandi.ar\/2021\/wp-content\/uploads\/2021\/07\/salab-7.jpg 1920w\" sizes=\"auto, (max-width: 1024px) 100vw, 1024px\" \/><\/a>\n\t\t\t<\/div><\/figure><figure class='gallery-item'>\n\t\t\t<div class='gallery-icon landscape'>\n\t\t\t\t<a data-elementor-open-lightbox=\"yes\" data-elementor-lightbox-slideshow=\"6a17fba\" data-elementor-lightbox-title=\"flota-mercedes\" e-action-hash=\"#elementor-action%3Aaction%3Dlightbox%26settings%3DeyJpZCI6ODEyNiwidXJsIjoiaHR0cHM6XC9cL2ZlcnJhbmRpLmFyXC8yMDIxXC93cC1jb250ZW50XC91cGxvYWRzXC8yMDIxXC8wOFwvZmxvdGEtbWVyY2VkZXMuanBnIiwic2xpZGVzaG93IjoiNmExN2ZiYSJ9\" href='https:\/\/ferrandi.ar\/2021\/wp-content\/uploads\/2021\/08\/flota-mercedes.jpg'><img loading=\"lazy\" decoding=\"async\" width=\"1024\" height=\"533\" src=\"https:\/\/ferrandi.ar\/2021\/wp-content\/uploads\/2021\/08\/flota-mercedes-1024x533.jpg\" class=\"attachment-large size-large\" alt=\"\" srcset=\"https:\/\/ferrandi.ar\/2021\/wp-content\/uploads\/2021\/08\/flota-mercedes-1024x533.jpg 1024w, https:\/\/ferrandi.ar\/2021\/wp-content\/uploads\/2021\/08\/flota-mercedes-300x156.jpg 300w, https:\/\/ferrandi.ar\/2021\/wp-content\/uploads\/2021\/08\/flota-mercedes-768x400.jpg 768w, https:\/\/ferrandi.ar\/2021\/wp-content\/uploads\/2021\/08\/flota-mercedes-900x469.jpg 900w, https:\/\/ferrandi.ar\/2021\/wp-content\/uploads\/2021\/08\/flota-mercedes.jpg 1240w\" sizes=\"auto, (max-width: 1024px) 100vw, 1024px\" \/><\/a>\n\t\t\t<\/div><\/figure>\n\t\t<\/div>\n\t\t<\/div>\n\t\t\t\t<\/div>\n\t\t\t\t<\/div>\n\t\t\t\t<div class=\"elementor-element elementor-element-6616f94 elementor-widget elementor-widget-text-editor\" data-id=\"6616f94\" data-element_type=\"widget\" data-widget_type=\"text-editor.default\">\n\t\t\t\t<div class=\"elementor-widget-container\">\n\t\t\t\t\t\t\t<p><strong>Servicios sujeto a protocolo COVID\u2013 19<\/strong><\/p>\n\t\t\t\t\t\t<\/div>\n\t\t\t\t<\/div>\n\t\t\t\t\t<\/div>\n\t\t<\/div>\n\t\t\t\t<div class=\"elementor-column elementor-col-25 elementor-top-column elementor-element elementor-element-e2383ad elementor-hidden-tablet elementor-hidden-phone\" data-id=\"e2383ad\" data-element_type=\"column\">\n\t\t\t<div class=\"elementor-widget-wrap elementor-element-populated\">\n\t\t\t\t\t\t\t\t<div class=\"elementor-element elementor-element-e238832 elementor-widget elementor-widget-stm_sidebar\" data-id=\"e238832\" data-element_type=\"widget\" data-widget_type=\"stm_sidebar.default\">\n\t\t\t\t<div class=\"elementor-widget-container\">\n\t\t\t\n<div class=\"stm_sidebar consulting_elementor_sidebar\">\n\n            \t\t<div data-elementor-type=\"wp-post\" data-elementor-id=\"311\" class=\"elementor elementor-311\">\n\t\t\t\t\t\t\t\t\t<section class=\"elementor-section elementor-top-section elementor-element elementor-element-d75f04d elementor-section-boxed elementor-section-height-default elementor-section-height-default\" data-id=\"d75f04d\" data-element_type=\"section\" data-settings=\"{&quot;background_background&quot;:&quot;classic&quot;}\">\n\t\t\t\t\t\t<div class=\"elementor-container elementor-column-gap-default\">\n\t\t\t\t\t<div class=\"elementor-column elementor-col-100 elementor-top-column elementor-element elementor-element-d75f502\" data-id=\"d75f502\" data-element_type=\"column\" data-settings=\"{&quot;background_background&quot;:&quot;classic&quot;}\">\n\t\t\t<div class=\"elementor-widget-wrap elementor-element-populated\">\n\t\t\t\t\t\t\t\t<div class=\"elementor-element elementor-element-d75f8fa elementor-widget elementor-widget-vc_custom_heading\" data-id=\"d75f8fa\" data-element_type=\"widget\" data-widget_type=\"vc_custom_heading.default\">\n\t\t\t\t<div class=\"elementor-widget-container\">\n\t\t\t<div class=\" vc_custom_heading  consulting_heading_font  text_align_left\" ><h4 style=\"font-size: 20px;color: #FFFFFF;text-align: left;font-weight:700\" class=\"consulting-custom-title\">Podemos ayudarte?\n<\/h4><\/div>\t\t<\/div>\n\t\t\t\t<\/div>\n\t\t\t\t<div class=\"elementor-element elementor-element-d760053 elementor-widget__width-auto elementor-widget elementor-widget-button\" data-id=\"d760053\" data-element_type=\"widget\" data-widget_type=\"button.default\">\n\t\t\t\t<div class=\"elementor-widget-container\">\n\t\t\t\t\t<div class=\"elementor-button-wrapper icon_align_left  \">\n\t\t\t<a href=\"http:\/\/www.ferrandi.com.ar\/contacto\/\" class=\"elementor-button-link elementor-button elementor-size-sm\" role=\"button\">\n\t\t\t\t\t\t<span class=\"elementor-button-content-wrapper\">\n\t\t\t\t\t\t\t<span class=\"elementor-button-icon elementor-align-icon-left\">\n\t\t\t\t<i aria-hidden=\"true\" class=\" stm-lnr-phone\"><\/i>\t\t\t<\/span>\n\t\t\t\t\t\t<span class=\"elementor-button-text\">Contactanos<\/span>\n\t\t<\/span>\n\t\t\t\t\t<\/a>\n\t\t<\/div>\n\t\t\t\t<\/div>\n\t\t\t\t<\/div>\n\t\t\t\t\t<\/div>\n\t\t<\/div>\n\t\t\t\t\t\t\t<\/div>\n\t\t<\/section>\n\t\t\t\t<section class=\"elementor-section elementor-top-section elementor-element elementor-element-ca87809 elementor-section-boxed elementor-section-height-default elementor-section-height-default\" data-id=\"ca87809\" data-element_type=\"section\">\n\t\t\t\t\t\t<div class=\"elementor-container elementor-column-gap-default\">\n\t\t\t\t\t<div class=\"elementor-column elementor-col-100 elementor-top-column elementor-element elementor-element-ffd52e3\" data-id=\"ffd52e3\" data-element_type=\"column\">\n\t\t\t<div class=\"elementor-widget-wrap elementor-element-populated\">\n\t\t\t\t\t\t\t\t<div class=\"elementor-element elementor-element-ed0cc46 elementor-widget elementor-widget-image\" data-id=\"ed0cc46\" data-element_type=\"widget\" data-widget_type=\"image.default\">\n\t\t\t\t<div class=\"elementor-widget-container\">\n\t\t\t\t\t\t\t\t\t\t\t\t\t\t\t\t<a href=\"https:\/\/www.ferrandi.com.ar\/2021\/nuestros-planes\/#cotizador\">\n\t\t\t\t\t\t\t<img loading=\"lazy\" decoding=\"async\" width=\"715\" height=\"827\" src=\"https:\/\/ferrandi.ar\/2021\/wp-content\/uploads\/2016\/01\/cotizador-1.jpg\" class=\"attachment-full size-full\" alt=\"\" srcset=\"https:\/\/ferrandi.ar\/2021\/wp-content\/uploads\/2016\/01\/cotizador-1.jpg 715w, https:\/\/ferrandi.ar\/2021\/wp-content\/uploads\/2016\/01\/cotizador-1-259x300.jpg 259w\" sizes=\"auto, (max-width: 715px) 100vw, 715px\" \/>\t\t\t\t\t\t\t\t<\/a>\n\t\t\t\t\t\t\t\t\t\t\t\t\t\t\t<\/div>\n\t\t\t\t<\/div>\n\t\t\t\t\t<\/div>\n\t\t<\/div>\n\t\t\t\t\t\t\t<\/div>\n\t\t<\/section>\n\t\t\t\t<section class=\"elementor-section elementor-top-section elementor-element elementor-element-5a04703 elementor-section-boxed elementor-section-height-default elementor-section-height-default\" data-id=\"5a04703\" data-element_type=\"section\">\n\t\t\t\t\t\t<div class=\"elementor-container elementor-column-gap-default\">\n\t\t\t\t\t<div class=\"elementor-column elementor-col-100 elementor-top-column elementor-element elementor-element-28e3ca0\" data-id=\"28e3ca0\" data-element_type=\"column\">\n\t\t\t<div class=\"elementor-widget-wrap elementor-element-populated\">\n\t\t\t\t\t\t\t\t<div class=\"elementor-element elementor-element-2e80638 elementor-widget elementor-widget-image\" data-id=\"2e80638\" data-element_type=\"widget\" data-widget_type=\"image.default\">\n\t\t\t\t<div class=\"elementor-widget-container\">\n\t\t\t\t\t\t\t\t\t\t\t\t\t\t\t\t<a href=\"\" target=\"_blank\">\n\t\t\t\t\t\t\t<img loading=\"lazy\" decoding=\"async\" width=\"715\" height=\"1000\" src=\"https:\/\/ferrandi.ar\/2021\/wp-content\/uploads\/2016\/01\/seguro.jpg\" class=\"attachment-full size-full\" alt=\"\" srcset=\"https:\/\/ferrandi.ar\/2021\/wp-content\/uploads\/2016\/01\/seguro.jpg 715w, https:\/\/ferrandi.ar\/2021\/wp-content\/uploads\/2016\/01\/seguro-215x300.jpg 215w\" sizes=\"auto, (max-width: 715px) 100vw, 715px\" \/>\t\t\t\t\t\t\t\t<\/a>\n\t\t\t\t\t\t\t\t\t\t\t\t\t\t\t<\/div>\n\t\t\t\t<\/div>\n\t\t\t\t\t<\/div>\n\t\t<\/div>\n\t\t\t\t\t\t\t<\/div>\n\t\t<\/section>\n\t\t\t\t<section class=\"elementor-section elementor-top-section elementor-element elementor-element-d760a9c elementor-section-boxed elementor-section-height-default elementor-section-height-default\" data-id=\"d760a9c\" data-element_type=\"section\">\n\t\t\t\t\t\t<div class=\"elementor-container elementor-column-gap-default\">\n\t\t\t\t\t<div class=\"elementor-column elementor-col-100 elementor-top-column elementor-element elementor-element-d760f5a\" data-id=\"d760f5a\" data-element_type=\"column\">\n\t\t\t<div class=\"elementor-widget-wrap elementor-element-populated\">\n\t\t\t\t\t\t\t\t<div class=\"elementor-element elementor-element-d7612fa elementor-widget elementor-widget-stm_testimonials\" data-id=\"d7612fa\" data-element_type=\"widget\" data-widget_type=\"stm_testimonials.default\">\n\t\t\t\t<div class=\"elementor-widget-container\">\n\t\t\t\n\n            <div class=\"stm_testimonials consulting_elementor_testimonials style_1\">\n                            <div class=\"item\">\n                    <div class=\"testimonial\">Nuestra misi\u00f3n es ofrecer un servicio f\u00fanebre personalizado y de calidad brindando, atenci\u00f3n personalizada a cada familia, combinando calidez y contenci\u00f3n.<\/div>\n                    <div class=\"testimonial-info clearfix\">\n                        <div class=\"testimonial-image\"><img loading=\"lazy\" decoding=\"async\" width=\"50\" height=\"50\" src=\"https:\/\/ferrandi.ar\/2021\/wp-content\/uploads\/2016\/01\/icono-50x50.png\" class=\"attachment-consulting-image-50x50-croped size-consulting-image-50x50-croped wp-post-image\" alt=\"\" srcset=\"https:\/\/ferrandi.ar\/2021\/wp-content\/uploads\/2016\/01\/icono-50x50.png 50w, https:\/\/ferrandi.ar\/2021\/wp-content\/uploads\/2016\/01\/icono-300x300.png 300w, https:\/\/ferrandi.ar\/2021\/wp-content\/uploads\/2016\/01\/icono-150x150.png 150w, https:\/\/ferrandi.ar\/2021\/wp-content\/uploads\/2016\/01\/icono-320x320.png 320w, https:\/\/ferrandi.ar\/2021\/wp-content\/uploads\/2016\/01\/icono.png 472w\" sizes=\"auto, (max-width: 50px) 100vw, 50px\" \/><\/div>\n                        <div class=\"testimonial-text\">\n                            <div class=\"name\">Ferrandi Hnos S.A.<\/div>\n                            <div class=\"company\">\n                                Empresa de Pompas F\u00fanebres                            <\/div>\n                        <\/div>\n                    <\/div>\n                <\/div>\n                    <\/div>\n    \n\t\t<\/div>\n\t\t\t\t<\/div>\n\t\t\t\t\t<\/div>\n\t\t<\/div>\n\t\t\t\t\t\t\t<\/div>\n\t\t<\/section>\n\t\t\t\t<section class=\"elementor-section elementor-top-section elementor-element elementor-element-79efc47 elementor-section-boxed elementor-section-height-default elementor-section-height-default\" data-id=\"79efc47\" data-element_type=\"section\">\n\t\t\t\t\t\t<div class=\"elementor-container elementor-column-gap-default\">\n\t\t\t\t\t<div class=\"elementor-column elementor-col-100 elementor-top-column elementor-element elementor-element-c996e6c\" data-id=\"c996e6c\" data-element_type=\"column\">\n\t\t\t<div class=\"elementor-widget-wrap elementor-element-populated\">\n\t\t\t\t\t\t\t\t<div class=\"elementor-element elementor-element-8b2393f elementor-widget elementor-widget-image\" data-id=\"8b2393f\" data-element_type=\"widget\" data-widget_type=\"image.default\">\n\t\t\t\t<div class=\"elementor-widget-container\">\n\t\t\t\t\t\t\t\t\t\t\t\t\t\t\t\t<a href=\"http:\/\/www.ferrandi.com.ar\/afiliados\/\" target=\"_blank\">\n\t\t\t\t\t\t\t<img loading=\"lazy\" decoding=\"async\" width=\"715\" height=\"834\" src=\"https:\/\/ferrandi.ar\/2021\/wp-content\/uploads\/2016\/01\/factura.jpg\" class=\"attachment-full size-full\" alt=\"\" srcset=\"https:\/\/ferrandi.ar\/2021\/wp-content\/uploads\/2016\/01\/factura.jpg 715w, https:\/\/ferrandi.ar\/2021\/wp-content\/uploads\/2016\/01\/factura-257x300.jpg 257w\" sizes=\"auto, (max-width: 715px) 100vw, 715px\" \/>\t\t\t\t\t\t\t\t<\/a>\n\t\t\t\t\t\t\t\t\t\t\t\t\t\t\t<\/div>\n\t\t\t\t<\/div>\n\t\t\t\t\t<\/div>\n\t\t<\/div>\n\t\t\t\t\t\t\t<\/div>\n\t\t<\/section>\n\t\t\t\t\t\t\t<\/div>\n\t\t    \n<\/div>\t\t<\/div>\n\t\t\t\t<\/div>\n\t\t\t\t\t<\/div>\n\t\t<\/div>\n\t\t\t\t\t\t\t<\/div>\n\t\t<\/section>\n\t\t\t\t\t\t\t<\/div>\n\t\t","protected":false},"excerpt":{"rendered":"Plan Honores Responsabilizarnos de nuestra propia vulnerabilidad es sin\u00f3nimo de cuidar a nuestros seres queridos en momentos dif\u00edciles. Con una cuota m\u00ednima mensual, accede a la cobertura total de los costos del servicio de sepelio a futuro, adem\u00e1s de beneficios en el \u00e1rea m\u00e9dica y descuentos por grupo familiar. Nuestros seguros est\u00e1n pensados para usted.\u00a0","protected":false},"author":2,"featured_media":0,"parent":0,"menu_order":0,"comment_status":"closed","ping_status":"closed","template":"","meta":{"_joinchat":[],"footnotes":""},"class_list":["post-6352","page","type-page","status-publish","hentry"],"_links":{"self":[{"href":"https:\/\/ferrandi.ar\/2021\/wp-json\/wp\/v2\/pages\/6352","targetHints":{"allow":["GET"]}}],"collection":[{"href":"https:\/\/ferrandi.ar\/2021\/wp-json\/wp\/v2\/pages"}],"about":[{"href":"https:\/\/ferrandi.ar\/2021\/wp-json\/wp\/v2\/types\/page"}],"author":[{"embeddable":true,"href":"https:\/\/ferrandi.ar\/2021\/wp-json\/wp\/v2\/users\/2"}],"replies":[{"embeddable":true,"href":"https:\/\/ferrandi.ar\/2021\/wp-json\/wp\/v2\/comments?post=6352"}],"version-history":[{"count":77,"href":"https:\/\/ferrandi.ar\/2021\/wp-json\/wp\/v2\/pages\/6352\/revisions"}],"predecessor-version":[{"id":8224,"href":"https:\/\/ferrandi.ar\/2021\/wp-json\/wp\/v2\/pages\/6352\/revisions\/8224"}],"wp:attachment":[{"href":"https:\/\/ferrandi.ar\/2021\/wp-json\/wp\/v2\/media?parent=6352"}],"curies":[{"name":"wp","href":"https:\/\/api.w.org\/{rel}","templated":true}]}}